{"id":132,"date":"2018-06-14T08:41:12","date_gmt":"2018-06-14T06:41:12","guid":{"rendered":"https:\/\/superzalozna.sk\/ochrana-osobnych-udajov\/"},"modified":"2018-06-14T08:41:12","modified_gmt":"2018-06-14T06:41:12","slug":"ochrana-osobnych-udajov","status":"publish","type":"page","link":"https:\/\/superzalozna.sk\/en\/ochrana-osobnych-udajov\/","title":{"rendered":"Ochrana osobn\u00fdch \u00fadajov"},"content":{"rendered":"<h2>Spracovanie osobn\u00fdch \u00fadajov v s\u00falade s nariaden\u00edm E\u00da<\/h2>\n<p>V s\u00favislosti so v\u0161eobecn\u00fdm eur\u00f3pskym nariaden\u00edm \u00a7 73 ods. 3 z\u00e1kona \u010d. 18\/2018 Z.z. o ochrane osobn\u00fdch \u00fadajov <em>(angl. skratka GDPR &#8211; General Data Protection Regulation)<\/em> V\u00e1s pros\u00edme o vyjadrenie s\u00fahlasu so spracovan\u00edm Va\u0161ich osobn\u00fdch \u00fadajov na webovej str\u00e1nke: <strong><a href=\"http:\/\/superzalozna.sk\">http:\/\/superzalozna.sk<\/a> <\/strong>\u00da\u010delom nariadenia GDPR je vy\u0161\u0161ia miera ochrany Va\u0161ich osobn\u00fdch \u00fadajov a preh\u013ead o ich spracovan\u00ed a Va\u0161ich pr\u00e1vach.<\/p>\n<p>Va\u0161e osobn\u00e9 \u00fadaje s\u00fa spracov\u00e1van\u00e9 v\u00fdhradne v s\u00falade s platnou legislat\u00edvou. Osobn\u00e9 \u00fadaje spracov\u00e1vame v\u00fdhradne so s\u00fahlasom klienta. Je iba na jeho slobodnom rozhodnut\u00ed, \u010di svoj s\u00fahlas v nami navrhnutom rozsahu poskytne, alebo neposkytne. <strong>Poskytnutie s\u00fahlasu je \u00faplne dobrovo\u013en\u00e9 a raz poskytnut\u00fd s\u00fahlas je mo\u017en\u00e9 kedyko\u013evek odvola\u0165.<\/strong> Rozsahom poskytnut\u00e9ho s\u00fahlasu sme viazan\u00fd a plne ho re\u0161pektujeme.<\/p>\n<h2>Z\u00e1kladn\u00e9 inform\u00e1cie<\/h2>\n<p>N\u00e1zov spolo\u010dnosti: <strong>Lenart gold s.r.o.<\/strong><\/p>\n<p>Adresa: <strong>Radni\u010dn\u00e1 5, 940 01 Nov\u00e9 Z\u00e1mky, Slovensk\u00e1 republika<\/strong><\/p>\n<p>I\u010cO: <strong>46 469 567<\/strong><\/p>\n<p>DI\u010c: <strong>2023393273<\/strong><\/p>\n<p>Kontaktn\u00e9 \u00fadaje: <strong>+421 948 303\u00a0225, info@superzalozna.sk<\/strong><\/p>\n<h2>\u00da\u010del spracovania osobn\u00fdch \u00fadajov<\/h2>\n<p>Va\u0161e osobn\u00e9 \u00fadaje budeme spracov\u00e1va\u0165 za \u00fa\u010delom <strong>sp\u00e4tn\u00e9ho kontaktovania V\u00e1s cez e-mailov\u00fa adresu zadan\u00fa do kontaktn\u00e9ho formul\u00e1ru<\/strong><\/p>\n<h2>Rozsah spracovania osobn\u00fdch \u00fadajov<\/h2>\n<p>Spracov\u00e1vame nasledovn\u00e9 osobn\u00e9 \u00fadaje, ktor\u00e9 s\u00fa potrebn\u00e9 na <strong>sp\u00e4tn\u00e9 kontaktovanie V\u00e1s<\/strong> a\u00a0ktor\u00e9 n\u00e1m poskytujete vedome:<\/p>\n<ul>\n<li><strong>Meno<\/strong><\/li>\n<li><strong>Priezvisko<\/strong><\/li>\n<li><strong>E-mailov\u00e1 adresa<\/strong><\/li>\n<\/ul>\n<p>Osobn\u00e9 \u00fadaje, ktor\u00e9 n\u00e1m poskytujete nevedome:<\/p>\n<ul>\n<li><strong>IP adresa<\/strong><\/li>\n<\/ul>\n<h2>Doba spracovania a\u00a0uchov\u00e1vania osobn\u00fdch \u00fadajov<\/h2>\n<p>Va\u0161e osobn\u00e9 \u00fadaje bud\u00fa spracov\u00e1van\u00e9, zhroma\u017e\u010fovan\u00e9, archivovan\u00e9 a\u00a0bezpe\u010dne ulo\u017een\u00e9 najviac dovtedy, k\u00fdm je to potrebn\u00e9 na \u00fa\u010dely, pre ktor\u00e9 boli zhroma\u017e\u010fovan\u00e9, alebo spracov\u00e1van\u00e9 a pominul z\u00e1konn\u00fd d\u00f4vod ich pr\u00edpadnej archiv\u00e1cie alebo dok\u00fdm nepo\u017eiadate o\u00a0vymazanie Va\u0161ich osobn\u00fdch \u00fadajov, na ktor\u00e9 m\u00e1te pr\u00e1vo. Pri po\u017eiadavke na vymazanie \u00fadajov bud\u00fa v\u0161etky nen\u00e1vratne vymazan\u00e9 a s\u00favisiace objedn\u00e1vky (ak existuj\u00fa) anonymizovan\u00e9.<\/p>\n<h2>Sp\u00f4sob z\u00edskavania, zaznamenania a\u00a0zabezpe\u010denia osobn\u00fdch \u00fadajov<\/h2>\n<p>Va\u0161e osobn\u00e9 \u00fadaje naj\u010dastej\u0161ie z\u00edskavame priamo od V\u00e1s, napr\u00edklad vyplnen\u00edm kontaktn\u00e9ho formul\u00e1ru. V\u00a0takomto pr\u00edpade je z\u00edskanie osobn\u00fdch \u00fadajov dobrovo\u013en\u00e9 a\u00a0nepredstavuje \u017eiadnu zmluvn\u00fa alebo z\u00e1konn\u00fa povinnos\u0165. Prev\u00e1dzkovate\u013e webovej str\u00e1nky je povinn\u00fd zaznamen\u00e1va\u0165 v\u0161etky po\u017eiadavky pou\u017e\u00edvate\u013eov v s\u00favislosti so stiahnut\u00edm, opravou a vymazan\u00edm jeho osobn\u00fdch \u00fadajov. Pri zabezpe\u010den\u00ed Va\u0161ich osobn\u00fdch \u00fadajov disponujeme modern\u00fdmi technick\u00fdmi a bezpe\u010dnostn\u00fdmi mechanizmami zabezpe\u010duj\u00facimi ochranu spracov\u00e1van\u00fdch osobn\u00fdch \u00fadajov pred neopr\u00e1vnen\u00fdm pr\u00edstupom alebo prenosom, pred ich stratou alebo zni\u010den\u00edm, alebo in\u00fdm mo\u017en\u00fdm zneu\u017eit\u00edm.<\/p>\n<h2>Pr\u00e1va dotknutej osoby<\/h2>\n<p>V\u0161eobecn\u00e9 eur\u00f3pske nariadenie \u00a7 73 ods. 3 z\u00e1kona \u010d. 18\/2018 Z.z. o ochrane osobn\u00fdch \u00fadajov nariadenie o\u00a0ochrane osobn\u00fdch \u00fadajov &#8211; \u201eGDPR\u201c ustanovuje v\u0161eobecn\u00e9 podmienky v\u00fdkonu Va\u0161ich jednotliv\u00fdch pr\u00e1v. <strong>To v\u0161ak automaticky neznamen\u00e1, \u017ee pri uplat\u0148ovan\u00ed jednotliv\u00fdch pr\u00e1v im bude z na\u0161ej strany vyhoven\u00e9, nako\u013eko v konkr\u00e9tnom pr\u00edpade sa m\u00f4\u017eu uplat\u0148ova\u0165 aj v\u00fdnimky<\/strong> resp. niektor\u00e9 pr\u00e1va s\u00fa naviazan\u00e9 na konkr\u00e9tne podmienky, ktor\u00e9 nemusia by\u0165 v ka\u017edom pr\u00edpade splnen\u00e9. Va\u0161ou \u017eiados\u0165ou t\u00fdkaj\u00facou sa konkr\u00e9tneho pr\u00e1va sa budeme v\u017edy zaobera\u0165 a sk\u00fama\u0165 z h\u013eadiska pr\u00e1vnej \u00fapravy a uplatnite\u013en\u00fdch v\u00fdnimiek.<\/p>\n<p>Ako dotknut\u00e1 osoba m\u00e1te:<\/p>\n<ul>\n<li><strong>Pr\u00e1vo na pr\u00edstup k\u00a0\u00fadajom pod\u013ea \u010dl\u00e1nku 15 GDPR<\/strong> &#8211; Pou\u017e\u00edvate\u013e webovej str\u00e1nky m\u00e1 pr\u00e1vo na z\u00edskanie inform\u00e1ci\u00ed o \u00fa\u010dele a rozsahu spracovania jeho osobn\u00fdch \u00fadajov.<\/li>\n<li><strong>Pr\u00e1vo na opravu \u00fadajov a doplnenie osobn\u00fdch \u00fadajov pod\u013ea \u010dl\u00e1nku 16 GDPR<\/strong> &#8211; Pou\u017e\u00edvate\u013e m\u00e1 pr\u00e1vo v pr\u00edpade podozrenia na nespr\u00e1vnos\u0165 ulo\u017een\u00fdch \u00fadajov po\u017eiada\u0165 spr\u00e1vcu \u00fadajov o opravu.<\/li>\n<li><strong>Pr\u00e1vo na vymazanie \u00fadajov (\u201epr\u00e1vo na zabudnutie\u201c) pod\u013ea \u010dl\u00e1nku 17 GDPR<\/strong> &#8211; Pou\u017e\u00edvate\u013e m\u00e1 pr\u00e1vo na vymazanie svojich osobn\u00fdch \u00fadajov bez zbyto\u010dn\u00e9ho odkladu, pokia\u013e u\u017e nie s\u00fa potrebn\u00e9 pre \u00fa\u010del, pre ktor\u00fd boli zhroma\u017e\u010fovan\u00e9, alebo spracov\u00e1van\u00e9 a pominul z\u00e1konn\u00fd d\u00f4vod ich pr\u00edpadnej archiv\u00e1cie. Pri po\u017eiadavke na vymazanie \u00fadajov bud\u00fa v\u0161etky nen\u00e1vratne vymazan\u00e9 a s\u00favisiace objedn\u00e1vky (ak existuj\u00fa) anonymizovan\u00e9. Pou\u017e\u00edvate\u013e m\u00e1 pr\u00e1vo na vykonanie primeran\u00fdch krokov, vr\u00e1tane technick\u00fdch opatren\u00ed, k vymazaniu v\u0161etk\u00fdch odkazov na svoje osobn\u00e9 \u00fadaje a ich k\u00f3pie, ak pominul z\u00e1konn\u00fd d\u00f4vod ich pr\u00edpadnej archiv\u00e1cie.<\/li>\n<li><strong>Pr\u00e1vo na obmedzen\u00e9 spracovanie \u00fadajov pod\u013ea \u010dl\u00e1nku 18 GDPR<\/strong> &#8211; Pou\u017e\u00edvate\u013e m\u00e1 pr\u00e1vo na to, aby spr\u00e1vca obmedzil spracovanie jeho osobn\u00fdch \u00fadajov, alebo znepr\u00edstupnil vybran\u00e9 osobn\u00e9 \u00fadaje, alebo do\u010dasne odstr\u00e1nil zverejnen\u00e9 \u00fadaje.<\/li>\n<li><strong>Pr\u00e1vo na prenosite\u013enos\u0165 \u00fadajov pod\u013ea \u010dl\u00e1nku 20 GDPR<\/strong> &#8211; Povinnos\u0165ou spr\u00e1vcu je preda\u0165 nosite\u013eovi \u00fadajov v\u0161etky o \u0148om spracov\u00e1van\u00e9 inform\u00e1cie v \u0161trukt\u00farovanom, be\u017ene pou\u017e\u00edvanom, strojovo \u010ditate\u013enom form\u00e1te. (napr. PDF, CSV) Uplatnen\u00edm tohto pr\u00e1va z\u00edskava pou\u017e\u00edvate\u013e kontrolu nad svojimi osobn\u00fdmi \u00fadajmi a m\u00e1 rovnako mo\u017enos\u0165 ich v takto z\u00edskanej podobe preda\u0165 in\u00e9mu spr\u00e1vcovi. Pre z\u00edskanie Va\u0161ich osobn\u00fdch \u00fadajov kontaktujte spr\u00e1vcu \u00fadajov webovej str\u00e1nky.<\/li>\n<li><strong>Pr\u00e1vo vznies\u0165 n\u00e1mietku pod\u013ea \u010dl\u00e1nku 21 GDPR<\/strong> &#8211; Pou\u017e\u00edvate\u013e m\u00e1 pr\u00e1vo vznies\u0165 n\u00e1mietku proti spracovaniu osobn\u00fdch \u00fadajov, alebo pokia\u013e nem\u00e1 mo\u017enos\u0165 uplatni\u0165 pr\u00e1vo na v\u00fdmaz.<\/li>\n<li><strong>Pr\u00e1vo poda\u0165 s\u0165a\u017enos\u0165 pod\u013ea \u010dl\u00e1nku 77 GDPR <\/strong>&#8211; Pou\u017e\u00edvate\u013e m\u00e1 pr\u00e1vo poda\u0165 s\u0165a\u017enos\u0165 dozorn\u00e9mu org\u00e1nu pokia\u013e sa domnieva, \u017ee spracovan\u00edm jeho osobn\u00fdch \u00fadajov je v rozpore s nariaden\u00edm GDPR. V ka\u017edom pr\u00edpade odpor\u00fa\u010dame ak\u00e9ko\u013evek spory, ot\u00e1zky alebo n\u00e1mietky rie\u0161i\u0165 prim\u00e1rne komunik\u00e1ciou s nami.<\/li>\n<\/ul>\n<h2>Dozorn\u00fd org\u00e1n<\/h2>\n<p>\u00darad na ochranu osobn\u00fdch \u00fadajov Slovenskej republiky<\/p>\n<p>Hrani\u010dn\u00e1 12<\/p>\n<p>820 07, Bratislava 27<\/p>\n<p>Slovensk\u00e1 republika<\/p>\n<p>I\u010cO: 36064220<\/p>\n<p>E-mail: statny.dozor@pdp.gov.sk<\/p>\n","protected":false},"excerpt":{"rendered":"<p>Spracovanie osobn\u00fdch \u00fadajov v s\u00falade s nariaden\u00edm E\u00da V s\u00favislosti so v\u0161eobecn\u00fdm eur\u00f3pskym nariaden\u00edm \u00a7 73 ods. 3 z\u00e1kona \u010d. 18\/2018 Z.z. o ochrane osobn\u00fdch \u00fadajov<span class=\"excerpt-hellip\"> [\u2026]<\/span><\/p>\n","protected":false},"author":1,"featured_media":0,"parent":0,"menu_order":0,"comment_status":"closed","ping_status":"closed","template":"","meta":[],"_links":{"self":[{"href":"https:\/\/superzalozna.sk\/en\/wp-json\/wp\/v2\/pages\/132"}],"collection":[{"href":"https:\/\/superzalozna.sk\/en\/wp-json\/wp\/v2\/pages"}],"about":[{"href":"https:\/\/superzalozna.sk\/en\/wp-json\/wp\/v2\/types\/page"}],"author":[{"embeddable":true,"href":"https:\/\/superzalozna.sk\/en\/wp-json\/wp\/v2\/users\/1"}],"replies":[{"embeddable":true,"href":"https:\/\/superzalozna.sk\/en\/wp-json\/wp\/v2\/comments?post=132"}],"version-history":[{"count":1,"href":"https:\/\/superzalozna.sk\/en\/wp-json\/wp\/v2\/pages\/132\/revisions"}],"predecessor-version":[{"id":133,"href":"https:\/\/superzalozna.sk\/en\/wp-json\/wp\/v2\/pages\/132\/revisions\/133"}],"wp:attachment":[{"href":"https:\/\/superzalozna.sk\/en\/wp-json\/wp\/v2\/media?parent=132"}],"curies":[{"name":"wp","href":"https:\/\/api.w.org\/{rel}","templated":true}]}}