{"id":92,"date":"2014-10-16T12:49:55","date_gmt":"2014-10-16T12:49:55","guid":{"rendered":"https:\/\/superzalozna.sk\/?page_id=92"},"modified":"2025-09-29T15:44:36","modified_gmt":"2025-09-29T13:44:36","slug":"domov","status":"publish","type":"page","link":"https:\/\/superzalozna.sk\/en\/","title":{"rendered":"Home"},"content":{"rendered":"<p><img decoding=\"async\" src=\"https:\/\/superzalozna.sk\/wp-content\/uploads\/2019\/06\/superzalozna_logo.png\" alt=\"superzalozna_logo\" \/><\/p>\n<p>subtitle na seo<\/p>\n<h1 class=\"maintitle\">A WIDE SELECTION OF <span class=\"zlato\">GOLD<\/span>\u00a0JEWELLERY<\/h1>\n<p><a class=\"button_zlatnictvo\" href=\"#jewellery\">JEWELLERY STORE<\/a><br \/>\n<a class=\"button_zalozna\" href=\"#what_to_pawn\">PAWNSHOP<\/a><\/p>\n<p>center<\/p>\n<p>no-repeat;center top;;<\/p>\n<p>auto<\/p>\n<p>THE LOWEST FEES IN THE MARKET OF PAWNSHOPS<\/p>\n<p><big>The fees charged are considerably more favourable than those of market participants. We do not have any hidden fees!!!<br \/>\nFor further questions please contact our staff who will be glad and more than willing to help.<\/big><\/p>\n<p>line<\/p>\n<p>JEWELLERY<\/p>\n<p>h3<\/p>\n<p>icon-lamp<\/p>\n<p><img decoding=\"async\" src=\"https:\/\/superzalozna.sk\/wp-content\/uploads\/2019\/06\/superzalozna_ikona_zalozna.png\" alt=\"superzalozna_ikona_zalozna\" \/><\/p>\n<p>top<\/p>\n<p><a href=\"#jewellery\">#jewellery<\/a><\/p>\n<p>zoomIn<\/p>\n<p>DO YOU NEED TO BORROW MONEY?<\/p>\n<p>h3<\/p>\n<p>icon-lamp<\/p>\n<p><img decoding=\"async\" src=\"https:\/\/superzalozna.sk\/wp-content\/uploads\/2019\/06\/superzalozna_ikona_pozicat.png\" alt=\"superzalozna_ikona_pozicat\" \/><\/p>\n<p>top<\/p>\n<p><a href=\"#borrow_money\">#borrow_money<\/a><\/p>\n<p>zoomIn<\/p>\n<p>WHAT TO PAWN?<\/p>\n<p>h3<\/p>\n<p>icon-lamp<\/p>\n<p><img decoding=\"async\" src=\"https:\/\/superzalozna.sk\/wp-content\/uploads\/2019\/06\/superzalozna_ikona_zalozit.png\" alt=\"superzalozna_ikona_zalozit\" \/><\/p>\n<p>top<\/p>\n<p><a href=\"#what_to_pawn\">#what_to_pawn<\/a><\/p>\n<p>zoomIn<\/p>\n<p>HOW TO PAWN<\/p>\n<p>h3<\/p>\n<p>icon-lamp<\/p>\n<p><img decoding=\"async\" src=\"https:\/\/superzalozna.sk\/wp-content\/uploads\/2019\/06\/superzalozna_ikona_ako.png\" alt=\"superzalozna_ikona_ako\" \/><\/p>\n<p>top<\/p>\n<p><a href=\"#how_to_pawn\">#how_to_pawn<\/a><\/p>\n<p>zoomIn<\/p>\n<p>CONTACT<\/p>\n<p>h3<\/p>\n<p>icon-lamp<\/p>\n<p><img decoding=\"async\" src=\"https:\/\/superzalozna.sk\/wp-content\/uploads\/2019\/06\/superzalozna_ikona_kontakt.png\" alt=\"superzalozna_ikona_kontakt\" \/><\/p>\n<p>top<\/p>\n<p><a href=\"#contact\">#contact<\/a><\/p>\n<p>zoomIn<\/p>\n<p>default<\/p>\n<p>JEWELLERY STORE<\/p>\n<div class=\"wrapper_sluzby\">\n<h3>JEWELLERY STORE<\/h3>\n<p><big>Super Pawnshop \u2013 Jewellery Store offers jewellery lovers a wide range of new, modern as well as elegant pieces to choose from. Our timeless jewellery designs are meant to be worn everyday, but also make you shine at special occasions. <b>A piece of sparkling jewellery belongs among the most beautiful and precious gifts.<\/b><br \/>\nTherefore, our goal is to provide high-quality products and services. Treat yourself or your loved ones to our broad selection of jewellery. Our friendly staff will help you make the right choice.We believe you will love the<b> large assortment of our gold jewellery.<\/b><\/big><\/p>\n<\/div>\n<p>justify<\/p>\n<p>no-repeat;center top;;<\/p>\n<p>auto<\/p>\n<p>fadeInRightLarge<\/p>\n<p><img decoding=\"async\" src=\"https:\/\/superzalozna.sk\/wp-content\/uploads\/2019\/05\/zalozna_zlatnictvo_smaller.jpg\" alt=\"zalozna_zlatnictvo_smaller\" \/><\/p>\n<p>center<\/p>\n<p>55<\/p>\n<p>zoomIn<\/p>\n<p><img decoding=\"async\" src=\"http:\/\/superzalozna.sk\/wp-content\/uploads\/2018\/04\/zalozna_.png\" alt=\"Super Z\u00e1lo\u017e\u0148a - Zlato\" \/><\/p>\n<p>center<\/p>\n<p>55<\/p>\n<p>zoomIn<\/p>\n<p>Do you need to borrow money?<\/p>\n<div class=\"wrapper_sluzby\">\n<h3>DO YOU NEED TO BORROW MONEY?<\/h3>\n<p><big>The quickest, most efficient and easiest way to overcome the temporary lack of funds is getting a pawn loan. Our pawnshops in Nov\u00e9 Z\u00e1mky, Kom\u00e1rno and Dunajsk\u00e1 Streda offer you collateral-based loans &#8211; meaning the loan is secured by something of value <b>(gold, silver, jewellery)<\/b>. Secrecy and the best prices are the main advantages of our pawnshops.<\/big><\/p>\n<\/div>\n<p>justify<\/p>\n<p>no-repeat;center top;;<\/p>\n<p>auto<\/p>\n<p>fadeInRightLarge<\/p>\n<p>WHAT TO PAWN?<\/p>\n<div class=\"wrapper_sluzby\">\n<h3>WHAT TO PAWN?<\/h3>\n<p><big><br \/>\n<b>Our pawnshops buy up gold, silver and jewellery in any quantity for the best price.<\/b><br \/>\n<b>Gold<\/b>: necklaces, bracelets, rings, earrings, pendants, scrap gold, dental gold, investment gold, coins, debris, bits, etc.<\/big><\/p>\n<p><b>Silver<\/b>: necklaces, bracelets, rings, earrings, pendants, scrap silver, investment silver, coins, plates, containers, bowl, snuff-boxes, debris, bits, etc.<\/p>\n<p>We also buy jewellery and other items by arrangement.<\/p>\n<p>&nbsp;<\/p>\n<\/div>\n<p>justify<\/p>\n<p>no-repeat;center top;;<\/p>\n<p>auto<\/p>\n<p>fadeInLeftLarge<\/p>\n<p><img decoding=\"async\" src=\"http:\/\/superzalozna.sk\/wp-content\/uploads\/2018\/04\/gold.jpg\" alt=\"Super Z\u00e1lo\u017e\u0148a - Zlato\" \/><\/p>\n<p>center<\/p>\n<p>80<\/p>\n<p>zoomIn<\/p>\n<p><img decoding=\"async\" src=\"https:\/\/superzalozna.sk\/wp-content\/uploads\/2018\/04\/zalozna_amw72ay9.png\" alt=\"Super Z\u00e1lo\u017e\u0148a - Zlato\" \/><\/p>\n<p>center<\/p>\n<p>60<\/p>\n<p>zoomIn<\/p>\n<p>HOW DOES A PAWN WORK?<\/p>\n<div class=\"wrapper_sluzby\">\n<h3>HOW DOES A PAWN WORK?<\/h3>\n<p><big>Visit one of our pawnshops where our expert staff members will appraise your item of value, which can be gold, silver, jewellery or other items.<br \/>\nIf you agree with the offered price, we will generate a pawn contract and <b>hand you the cash immediately.<\/b><br \/>\nYou can get your item back at any time or you may extend the length of your pawn loan (if interest and fees are paid).<\/big><\/p>\n<p><a class=\"podmienky\" href=\"\/en\/pawn-conditions\/\">Pawn conditions<\/a><\/p>\n<\/div>\n<p>justify<\/p>\n<p>no-repeat;center top;;<\/p>\n<p>auto<\/p>\n<p>fadeInRightLarge<\/p>\n<p>47.992611<\/p>\n<p>18.0089531<\/p>\n<p>8<\/p>\n<p>400<\/p>\n<p>ROADMAP<\/p>\n<p>#<\/p>\n<p>47.99284,18.170337,https:\/\/superzalozna.sk\/wp-content\/uploads\/2019\/06\/superzalozna_map_pin.png;47.7579153,18.1278586,https:\/\/superzalozna.sk\/wp-content\/uploads\/2019\/06\/superzalozna_map_pin.png;47.992611,17.617444,https:\/\/superzalozna.sk\/wp-content\/uploads\/2019\/06\/superzalozna_map_pin.png;48.147671,17.1149598,https:\/\/superzalozna.sk\/wp-content\/uploads\/2019\/06\/superzalozna_map_pin.png<\/p>\n<p>box<\/p>\n<p>47.966095<\/p>\n<p>17.876820<\/p>\n<p>10<\/p>\n<p>500<\/p>\n<p>ROADMAP<\/p>\n<p>#<\/p>\n<p>47.99284,18.170337,https:\/\/superzalozna.sk\/wp-content\/uploads\/2019\/06\/superzalozna_map_pin.png;47.7579153,18.1278586,https:\/\/superzalozna.sk\/wp-content\/uploads\/2019\/06\/superzalozna_map_pin.png;47.992611,17.617444,https:\/\/superzalozna.sk\/wp-content\/uploads\/2019\/06\/superzalozna_map_pin.png;48.147671,17.1149598,https:\/\/superzalozna.sk\/wp-content\/uploads\/2019\/06\/superzalozna_map_pin.png<\/p>\n<p>box<\/p>\n<p>super PAWNSHOP &#8211; JEWELLERY STORE BRATISLAVA<\/p>\n<p><a href=\"https:\/\/goo.gl\/maps\/Csn869RT5dhfoH3D9\">\u0160pit\u00e1lska ul. 37 (vchod z Mari\u00e1nskej), 811 08 Bratislava 1 <\/a><\/p>\n<p>02\/526 244 47<\/p>\n<p>bratislava@superzalozna.sk<\/p>\n<p>https:\/\/www.facebook.com\/Super-Z%C3%A1lo%C5%BE%C5%88a-Zlatn%C3%ADctvo-2134705456826783\/<\/p>\n<h3>We&#8217;re opening soon<\/h3>\n<p>center<\/p>\n<p>no-repeat;center top;;<\/p>\n<p>auto<\/p>\n<p>super PAWNSHOP &#8211; JEWELLERY STORE DUNAJSK\u00c1 STREDA<\/p>\n<p><a href=\"https:\/\/goo.gl\/maps\/5GykfyzR3noo6DHu7\">N\u00e1m.\u00c1rmin.V\u00e1mberyho 4921, 929 01 Dunajsk\u00e1 Streda<\/a><\/p>\n<p>031\/550 03 10<\/p>\n<p>dunajskastreda@superzalozna.sk<\/p>\n<p>https:\/\/www.facebook.com\/Super-Z%C3%A1lo%C5%BE%C5%88a-Zlatn%C3%ADctvo-425551894891751\/<\/p>\n<p>Opening hours<span class=\"otvaracie_hodiny_lokacia\">Dunajsk\u00e1 Streda<\/span><\/p>\n<ul>\n<li><label>Monday &#8211; Friday<\/label>8:30 &#8211; 12:0012:30 &#8211; 16:30<\/li>\n<li><label>Saturday<\/label>8:30 &#8211; 12:00<\/li>\n<\/ul>\n<p>super PAWNSHOP &#8211; JEWELLERY STORE KOM\u00c1RNO<\/p>\n<p><a href=\"https:\/\/goo.gl\/maps\/SPWD8KJwE2hQZKA9A\">\u017dupn\u00e1 7, 945 01 Kom\u00e1rno<\/a><\/p>\n<p>035\/6421 370<\/p>\n<p>komarno@superzalozna.sk<\/p>\n<p>https:\/\/www.facebook.com\/Super-Z%C3%A1lo%C5%BE%C5%88a-Zlatn%C3%ADctvo-639732863121197\/<\/p>\n<p>Opening hours<span class=\"otvaracie_hodiny_lokacia\">Kom\u00e1rno<\/span><\/p>\n<ul>\n<li><label>Monday &#8211; Friday<\/label>8:30 &#8211; 12:0012:30 &#8211; 16:30<\/li>\n<li><label>Saturday<\/label>8:30 &#8211; 12:00<\/li>\n<\/ul>\n<p>super PAWNSHOP &#8211; JEWELLERY STORE NOV\u00c9 Z\u00c1MKY<\/p>\n<p><a href=\"https:\/\/goo.gl\/maps\/tW6y1747Mu2ySEDa8\">\u013d.\u0160t\u00fara 1<br \/>\n(oproti autobus. zast\u00e1vkam), 940 02 Nov\u00e9 Z\u00e1mky<\/a><\/p>\n<p>0948 303 225<\/p>\n<p>novezamky@superzalozna.sk<\/p>\n<p>https:\/\/www.facebook.com\/Super-Z%C3%A1lo%C5%BE%C5%88a-Zlatn%C3%ADctvo-290694938483672\/<\/p>\n<p>Opening hours<span class=\"otvaracie_hodiny_lokacia\">Nov\u00e9 Z\u00e1mky<\/span><\/p>\n<ul>\n<li><label>Monday &#8211; Friday<\/label>8:30 &#8211; 12:0012:30 &#8211; 17:00<\/li>\n<li><label>Saturday<\/label>8:30 &#8211; 12:00<\/li>\n<\/ul>\n<p>FIND ANSWERS TO YOUR QUESTIONS AND GET IN TOUCH<\/p>\n<p>line<\/p>\n<p>Nap\u00ed\u0161te n\u00e1m<\/p>\n<p><hr class=\"no_line\" style=\"margin: 0 auto 15px;\"\/>\n<br \/>\n<div class=\"wpcf7 no-js\" id=\"wpcf7-f130-o1\" lang=\"sk-SK\" dir=\"ltr\">\n<div class=\"screen-reader-response\"><p role=\"status\" aria-live=\"polite\" aria-atomic=\"true\"><\/p> <ul><\/ul><\/div>\n<form action=\"\/en\/wp-json\/wp\/v2\/pages\/92#wpcf7-f130-o1\" method=\"post\" class=\"wpcf7-form init wpcf7-acceptance-as-validation\" aria-label=\"Contact form\" novalidate=\"novalidate\" data-status=\"init\">\n<div style=\"display: none;\">\n<input type=\"hidden\" name=\"_wpcf7\" value=\"130\" \/>\n<input type=\"hidden\" name=\"_wpcf7_version\" value=\"5.7.2\" \/>\n<input type=\"hidden\" name=\"_wpcf7_locale\" value=\"sk_SK\" \/>\n<input type=\"hidden\" name=\"_wpcf7_unit_tag\" value=\"wpcf7-f130-o1\" \/>\n<input type=\"hidden\" name=\"_wpcf7_container_post\" value=\"0\" \/>\n<input type=\"hidden\" name=\"_wpcf7_posted_data_hash\" value=\"\" \/>\n<input type=\"hidden\" name=\"_wpcf7_recaptcha_response\" value=\"\" \/>\n<\/div>\n<div class=\"column one-second\">\n\t<p><span class=\"wpcf7-form-control-wrap\" data-name=\"your-name\"><input size=\"40\" class=\"wpcf7-form-control wpcf7-text wpcf7-validates-as-required\" aria-required=\"true\" aria-invalid=\"false\" placeholder=\"Your name\" value=\"\" type=\"text\" name=\"your-name\" \/><\/span>\n\t<\/p>\n<\/div>\n<div class=\"column one-second\">\n\t<p><span class=\"wpcf7-form-control-wrap\" data-name=\"your-email\"><input size=\"40\" class=\"wpcf7-form-control wpcf7-text wpcf7-email wpcf7-validates-as-required wpcf7-validates-as-email\" aria-required=\"true\" aria-invalid=\"false\" placeholder=\"Your e-mail\" value=\"\" type=\"email\" name=\"your-email\" \/><\/span>\n\t<\/p>\n<\/div>\n<div class=\"column one-second\">\n\t<p><span class=\"wpcf7-form-control-wrap\" data-name=\"your-subject\"><input size=\"40\" class=\"wpcf7-form-control wpcf7-text\" aria-invalid=\"false\" placeholder=\"Subject\" value=\"\" type=\"text\" name=\"your-subject\" \/><\/span>\n\t<\/p>\n<\/div>\n<p><span id=\"wpcf7-69ecd19ba9e2b-wrapper\" class=\"wpcf7-form-control-wrap adress-wrap\" style=\"display:none !important; visibility:hidden !important;\"><label for=\"wpcf7-69ecd19ba9e2b-field\" class=\"hp-message\">Please leave this field empty.<\/label><input id=\"wpcf7-69ecd19ba9e2b-field\"  class=\"wpcf7-form-control wpcf7-text\" type=\"text\" name=\"adress\" value=\"\" size=\"40\" tabindex=\"-1\" autocomplete=\"new-password\" \/><\/span>\n<\/p>\n<div class=\"column one-second\">\n\t<p><span class=\"wpcf7-form-control-wrap\" data-name=\"lokalita\"><select class=\"wpcf7-form-control wpcf7-select wpcf7-validates-as-required\" aria-required=\"true\" aria-invalid=\"false\" name=\"lokalita\"><option value=\"\">Please select your town<\/option><option value=\"Bratislava\">Bratislava<\/option><option value=\"Nov\u00e9 Z\u00e1mky\">Nov\u00e9 Z\u00e1mky<\/option><option value=\"Kom\u00e1rno\">Kom\u00e1rno<\/option><option value=\"Dunajsk\u00e1 Streda\">Dunajsk\u00e1 Streda<\/option><\/select><\/span>\n\t<\/p>\n<\/div>\n<div class=\"column one\">\n\t<p><span class=\"wpcf7-form-control-wrap\" data-name=\"your-message\"><textarea cols=\"40\" rows=\"5\" class=\"wpcf7-form-control wpcf7-textarea\" aria-invalid=\"false\" placeholder=\"Your message\" name=\"your-message\"><\/textarea><\/span>\n\t<\/p>\n<\/div>\n<div class=\"column one\" style=\"text-align:left;\">\n\t<p><span class=\"wpcf7-form-control-wrap\" data-name=\"suhlas-gdpr\"><span class=\"wpcf7-form-control wpcf7-acceptance\"><span class=\"wpcf7-list-item\"><label><input type=\"checkbox\" name=\"suhlas-gdpr\" value=\"1\" aria-invalid=\"false\" \/><span class=\"wpcf7-list-item-label\">I have read and agree to the <a href=\"http:\/\/superzalozna.sk\/en\/privacy-policy\/\" target=\"_blank\">Privacy Policy<\/a><\/span><\/label><\/span><\/span><\/span>\n\t<\/p>\n<\/div>\n<div class=\"column one\">\n\t<p class=\"recapcha-text mb-0\">This site is protected by reCAPTCHA and the Google <a href=\"https:\/\/policies.google.com\/privacy\" target=\"_Blank\">Privacy Policy<\/a> and <a href=\"https:\/\/policies.google.com\/terms\" target=\"_Blank\">Terms of Service<\/a> apply.\n\t<\/p>\n<\/div>\n<div class=\"column one\">\n\t<p><input class=\"wpcf7-form-control has-spinner wpcf7-submit button_full_width\" type=\"submit\" value=\"Submit\" \/>\n\t<\/p>\n<\/div><div class=\"wpcf7-response-output\" aria-hidden=\"true\"><\/div><\/form><\/div><\/p>\n<p>center<\/p>\n<p>no-repeat;center top;;<\/p>\n<p>auto<\/p>\n<p>Z\u00c1LO\u017d\u0147A &#8211; ZLATN\u00cdCTVO BRATISLAVA<\/p>\n<p><a href=\"https:\/\/goo.gl\/maps\/Csn869RT5dhfoH3D9\">\u0160pit\u00e1lska ul. 37 (vchod z Mari\u00e1nskej), 811 08 Bratislava 1 <\/a><\/p>\n<p>02\/526 244 47<\/p>\n<p>bratislava@superzalozna.sk<\/p>\n<p>https:\/\/www.facebook.com\/Super-Z%C3%A1lo%C5%BE%C5%88a-Zlatn%C3%ADctvo-2134705456826783\/<\/p>\n<p>Otv\u00e1racie hodiny<span class=\"otvaracie_hodiny_lokacia\">Bratislava<\/span><\/p>\n<ul>\n<li><label>Pondelok &#8211; Piatok<\/label>8:30 &#8211; 17:00<\/li>\n<li><label>Sobota<\/label>8:30 &#8211; 12:00<\/li>\n<\/ul>\n","protected":false},"excerpt":{"rendered":"<p>subtitle na seo A WIDE SELECTION OF GOLD\u00a0JEWELLERY JEWELLERY STORE PAWNSHOP center no-repeat;center top;; auto THE LOWEST FEES IN THE MARKET OF PAWNSHOPS The fees charged<span class=\"excerpt-hellip\"> [\u2026]<\/span><\/p>\n","protected":false},"author":1,"featured_media":0,"parent":0,"menu_order":0,"comment_status":"closed","ping_status":"closed","template":"","meta":[],"_links":{"self":[{"href":"https:\/\/superzalozna.sk\/en\/wp-json\/wp\/v2\/pages\/92"}],"collection":[{"href":"https:\/\/superzalozna.sk\/en\/wp-json\/wp\/v2\/pages"}],"about":[{"href":"https:\/\/superzalozna.sk\/en\/wp-json\/wp\/v2\/types\/page"}],"author":[{"embeddable":true,"href":"https:\/\/superzalozna.sk\/en\/wp-json\/wp\/v2\/users\/1"}],"replies":[{"embeddable":true,"href":"https:\/\/superzalozna.sk\/en\/wp-json\/wp\/v2\/comments?post=92"}],"version-history":[{"count":6,"href":"https:\/\/superzalozna.sk\/en\/wp-json\/wp\/v2\/pages\/92\/revisions"}],"predecessor-version":[{"id":297,"href":"https:\/\/superzalozna.sk\/en\/wp-json\/wp\/v2\/pages\/92\/revisions\/297"}],"wp:attachment":[{"href":"https:\/\/superzalozna.sk\/en\/wp-json\/wp\/v2\/media?parent=92"}],"curies":[{"name":"wp","href":"https:\/\/api.w.org\/{rel}","templated":true}]}}